{"id":353,"date":"2021-04-30T15:39:48","date_gmt":"2021-04-30T13:39:48","guid":{"rendered":"https:\/\/www.fancyfoodflorence.com\/e-la-storia-inizia\/"},"modified":"2023-03-06T14:44:41","modified_gmt":"2023-03-06T13:44:41","slug":"e-la-storia-inizia","status":"publish","type":"page","link":"https:\/\/www.fancyfoodflorence.com\/it\/e-la-storia-inizia\/","title":{"rendered":"La storia\u2026"},"content":{"rendered":"<p><div class=\"fusion-fullwidth fullwidth-box fusion-builder-row-1 fusion-flex-container fusion-parallax-none nonhundred-percent-fullwidth non-hundred-percent-height-scrolling\" style=\"--awb-background-position:center top;--awb-border-radius-top-left:0px;--awb-border-radius-top-right:0px;--awb-border-radius-bottom-right:0px;--awb-border-radius-bottom-left:0px;--awb-padding-top:100px;--awb-padding-bottom:80px;--awb-background-image:url(&quot;https:\/\/www.fancyfoodflorence.com\/wp-content\/uploads\/2021\/02\/cotton-white.jpg&quot;);--awb-background-size:cover;--awb-flex-wrap:wrap;\" ><div class=\"fusion-builder-row fusion-row fusion-flex-align-items-center fusion-flex-content-wrap\" style=\"max-width:1248px;margin-left: calc(-4% \/ 2 );margin-right: calc(-4% \/ 2 );\"><div class=\"fusion-layout-column fusion_builder_column fusion-builder-column-0 fusion_builder_column_1_1 1_1 fusion-flex-column\" style=\"--awb-bg-size:cover;--awb-width-large:100%;--awb-margin-top-large:0px;--awb-spacing-right-large:1.92%;--awb-margin-bottom-large:40px;--awb-spacing-left-large:1.92%;--awb-width-medium:100%;--awb-order-medium:0;--awb-spacing-right-medium:1.92%;--awb-spacing-left-medium:1.92%;--awb-width-small:100%;--awb-order-small:0;--awb-spacing-right-small:1.92%;--awb-spacing-left-small:1.92%;\"><div class=\"fusion-column-wrapper fusion-column-has-shadow fusion-flex-justify-content-flex-start fusion-content-layout-column\"><div class=\"fusion-title title fusion-title-1 fusion-sep-none fusion-title-center fusion-title-text fusion-title-size-one uppercase\" style=\"--awb-margin-bottom:30px;\"><h1 class=\"fusion-title-heading title-heading-center fusion-responsive-typography-calculated\" style=\"margin:0;--fontSize:54;line-height:1.16;\">La storia\u2026<\/h1><\/div><\/div><\/div><div class=\"fusion-layout-column fusion_builder_column fusion-builder-column-1 fusion_builder_column_1_4 1_4 fusion-flex-column\" style=\"--awb-bg-size:cover;--awb-width-large:25%;--awb-margin-top-large:0px;--awb-spacing-right-large:7.68%;--awb-margin-bottom-large:20px;--awb-spacing-left-large:7.68%;--awb-width-medium:25%;--awb-order-medium:0;--awb-spacing-right-medium:7.68%;--awb-spacing-left-medium:7.68%;--awb-width-small:100%;--awb-order-small:0;--awb-spacing-right-small:1.92%;--awb-spacing-left-small:1.92%;\"><div class=\"fusion-column-wrapper fusion-column-has-shadow fusion-flex-justify-content-flex-start fusion-content-layout-column\"><div class=\"fusion-image-element \" style=\"text-align:center;--awb-margin-top:-20px;--awb-margin-bottom:20px;--awb-caption-title-font-family:var(--h2_typography-font-family);--awb-caption-title-font-weight:var(--h2_typography-font-weight);--awb-caption-title-font-style:var(--h2_typography-font-style);--awb-caption-title-size:var(--h2_typography-font-size);--awb-caption-title-transform:var(--h2_typography-text-transform);--awb-caption-title-line-height:var(--h2_typography-line-height);--awb-caption-title-letter-spacing:var(--h2_typography-letter-spacing);\"><span class=\" fusion-imageframe imageframe-none imageframe-1 hover-type-none\"><img decoding=\"async\" width=\"800\" height=\"1093\" title=\"ilaria-ricci\" src=\"https:\/\/www.fancyfoodflorence.com\/wp-content\/uploads\/2022\/11\/ilaria-ricci.jpg\" alt class=\"img-responsive wp-image-506\" srcset=\"https:\/\/www.fancyfoodflorence.com\/wp-content\/uploads\/2022\/11\/ilaria-ricci-200x273.jpg 200w, https:\/\/www.fancyfoodflorence.com\/wp-content\/uploads\/2022\/11\/ilaria-ricci-400x547.jpg 400w, https:\/\/www.fancyfoodflorence.com\/wp-content\/uploads\/2022\/11\/ilaria-ricci-600x820.jpg 600w, https:\/\/www.fancyfoodflorence.com\/wp-content\/uploads\/2022\/11\/ilaria-ricci.jpg 800w\" sizes=\"(max-width: 640px) 100vw, 400px\" \/><\/span><\/div><div class=\"fusion-title title fusion-title-2 fusion-sep-none fusion-title-center fusion-title-text fusion-title-size-five\" style=\"--awb-text-color:#c36a7b;\"><h5 class=\"fusion-title-heading title-heading-center fusion-responsive-typography-calculated\" style=\"margin:0;--fontSize:24;line-height:1.4;\">Ilaria\u00a0Ricci<\/h5><\/div><\/div><\/div><div class=\"fusion-layout-column fusion_builder_column fusion-builder-column-2 fusion_builder_column_3_4 3_4 fusion-flex-column\" style=\"--awb-bg-size:cover;--awb-width-large:75%;--awb-margin-top-large:0px;--awb-spacing-right-large:2.56%;--awb-margin-bottom-large:20px;--awb-spacing-left-large:2.56%;--awb-width-medium:75%;--awb-order-medium:0;--awb-spacing-right-medium:2.56%;--awb-spacing-left-medium:2.56%;--awb-width-small:100%;--awb-order-small:0;--awb-spacing-right-small:1.92%;--awb-spacing-left-small:1.92%;\"><div class=\"fusion-column-wrapper fusion-column-has-shadow fusion-flex-justify-content-flex-start fusion-content-layout-column\"><div class=\"fusion-text fusion-text-1\" style=\"--awb-font-size:18px;\"><p>Ilaria \u00e8 un\u2019ospite accogliente, felice di condividere con i viaggiatori le proprie conoscenze di cucina tradizionale e fiorentina.<br \/>\nHa un vasto repertorio di piatti che vengono preparati a partire da zero, con ingredienti freschissimi e molta passione.<\/p>\n<p>Originaria del nord della Toscana (Massa-Carrara, la citt\u00e0 da cui proviene il marmo bianco utilizzato per la creazione del David e del Duomo di Firenze), Ilaria si \u00e8 trasferita a Parigi, dove si \u00e8 diplomata in Cucina e Pasticceria presso l\u2019Accademia Cordon Bleu.<\/p>\n<\/div><\/div><\/div><\/div><\/div><div class=\"fusion-bg-parallax\" data-bg-align=\"center center\" data-direction=\"left\" data-mute=\"false\" data-opacity=\"100\" data-velocity=\"-0.8\" data-mobile-enabled=\"false\" data-break_parents=\"0\" data-bg-image=\"https:\/\/www.fancyfoodflorence.com\/wp-content\/uploads\/2023\/02\/vino-bianco-1.jpg\" data-bg-repeat=\"false\" data-bg-color=\"#cdc7cb\" ><\/div><div class=\"fusion-fullwidth fullwidth-box fusion-builder-row-2 fusion-flex-container fusion-parallax-left nonhundred-percent-fullwidth non-hundred-percent-height-scrolling\" style=\"--awb-border-radius-top-left:0px;--awb-border-radius-top-right:0px;--awb-border-radius-bottom-right:0px;--awb-border-radius-bottom-left:0px;--awb-padding-top:80px;--awb-padding-bottom:60px;--awb-background-color:#cdc7cb;--awb-background-image:url(&quot;https:\/\/www.fancyfoodflorence.com\/wp-content\/uploads\/2023\/02\/vino-bianco-1.jpg&quot;);--awb-background-size:cover;--awb-flex-wrap:wrap;\" ><div class=\"fusion-builder-row fusion-row fusion-flex-align-items-flex-start fusion-flex-content-wrap\" style=\"max-width:1248px;margin-left: calc(-4% \/ 2 );margin-right: calc(-4% \/ 2 );\"><div class=\"fusion-layout-column fusion_builder_column fusion-builder-column-3 fusion_builder_column_1_2 1_2 fusion-flex-column\" style=\"--awb-bg-size:cover;--awb-width-large:50%;--awb-margin-top-large:0px;--awb-spacing-right-large:3.84%;--awb-margin-bottom-large:20px;--awb-spacing-left-large:3.84%;--awb-width-medium:50%;--awb-order-medium:0;--awb-spacing-right-medium:3.84%;--awb-spacing-left-medium:3.84%;--awb-width-small:100%;--awb-order-small:0;--awb-spacing-right-small:1.92%;--awb-spacing-left-small:1.92%;\"><div class=\"fusion-column-wrapper fusion-column-has-shadow fusion-flex-justify-content-flex-start fusion-content-layout-column\"><div class=\"fusion-text fusion-text-2\" style=\"--awb-font-size:18px;\"><p>Al rientro in Italia si \u00e8 trasferita a Firenze e, dopo varie esperienze in ristoranti stellati, \u00e8 diventata chef privata e tiene lezioni di cucina da oltre undici anni.<\/p>\n<p>Conosce la cucina Italiane toscana, francese, fusion, vietnamita, marocchina, medio-orientale e giapponese; \u00e8 attenta ai bisogni particolari: senza lattosio, senza glutine, ma \u00e8 anche molto rispettosa dei bisogni religiosi come le regole della Kasherut e Halal ed offre opzioni vegetariane e vegane.<br \/>\nIlaria \u00e8 sommelier ed offre esperienze di accostamento di cibo e vino.<\/p>\n<\/div><\/div><\/div><\/div><\/div><\/p>\n","protected":false},"excerpt":{"rendered":"","protected":false},"author":4,"featured_media":0,"parent":0,"menu_order":0,"comment_status":"closed","ping_status":"closed","template":"100-width.php","meta":{"footnotes":""},"class_list":["post-353","page","type-page","status-publish","hentry"],"yoast_head":"<!-- This site is optimized with the Yoast SEO plugin v26.6 - https:\/\/yoast.com\/wordpress\/plugins\/seo\/ -->\n<title>Ilaria Ricci Chef Firenze - Lezioni di cucina ed esperienze culinarie<\/title>\n<meta name=\"description\" content=\"Ilaria Ricci \u00e8 un&#039;accogliente chef, gli piace condividere la sua conoscenza della cucina tradizionale e fiorentina con i viaggiatori.\" \/>\n<meta name=\"robots\" content=\"index, follow, max-snippet:-1, max-image-preview:large, max-video-preview:-1\" \/>\n<link rel=\"canonical\" href=\"https:\/\/www.fancyfoodflorence.com\/ilaria-ricci-chef\/\" \/>\n<meta property=\"og:locale\" content=\"it_IT\" \/>\n<meta property=\"og:type\" content=\"article\" \/>\n<meta property=\"og:title\" content=\"Ilaria Ricci Chef Firenze - Lezioni di cucina ed esperienze culinarie\" \/>\n<meta property=\"og:description\" content=\"Ilaria Ricci \u00e8 un&#039;accogliente chef, gli piace condividere la sua conoscenza della cucina tradizionale e fiorentina con i viaggiatori.\" \/>\n<meta property=\"og:url\" content=\"https:\/\/www.fancyfoodflorence.com\/ilaria-ricci-chef\/\" \/>\n<meta property=\"og:site_name\" content=\"Fancy Food Florence\" \/>\n<meta property=\"article:modified_time\" content=\"2023-03-06T13:44:41+00:00\" \/>\n<meta property=\"og:image\" content=\"https:\/\/www.fancyfoodflorence.com\/wp-content\/uploads\/2023\/03\/fff.png\" \/>\n\t<meta property=\"og:image:width\" content=\"1200\" \/>\n\t<meta property=\"og:image:height\" content=\"675\" \/>\n\t<meta property=\"og:image:type\" content=\"image\/png\" \/>\n<meta name=\"twitter:card\" content=\"summary_large_image\" \/>\n<meta name=\"twitter:label1\" content=\"Tempo di lettura stimato\" \/>\n\t<meta name=\"twitter:data1\" content=\"7 minuti\" \/>\n<script type=\"application\/ld+json\" class=\"yoast-schema-graph\">{\"@context\":\"https:\/\/schema.org\",\"@graph\":[{\"@type\":\"WebPage\",\"@id\":\"https:\/\/www.fancyfoodflorence.com\/ilaria-ricci-chef\/\",\"url\":\"https:\/\/www.fancyfoodflorence.com\/ilaria-ricci-chef\/\",\"name\":\"Ilaria Ricci Chef Firenze - Lezioni di cucina ed esperienze culinarie\",\"isPartOf\":{\"@id\":\"https:\/\/www.fancyfoodflorence.com\/#website\"},\"datePublished\":\"2021-04-30T13:39:48+00:00\",\"dateModified\":\"2023-03-06T13:44:41+00:00\",\"description\":\"Ilaria Ricci \u00e8 un'accogliente chef, gli piace condividere la sua conoscenza della cucina tradizionale e fiorentina con i viaggiatori.\",\"breadcrumb\":{\"@id\":\"https:\/\/www.fancyfoodflorence.com\/ilaria-ricci-chef\/#breadcrumb\"},\"inLanguage\":\"it-IT\",\"potentialAction\":[{\"@type\":\"ReadAction\",\"target\":[\"https:\/\/www.fancyfoodflorence.com\/ilaria-ricci-chef\/\"]}]},{\"@type\":\"BreadcrumbList\",\"@id\":\"https:\/\/www.fancyfoodflorence.com\/ilaria-ricci-chef\/#breadcrumb\",\"itemListElement\":[{\"@type\":\"ListItem\",\"position\":1,\"name\":\"Home\",\"item\":\"https:\/\/www.fancyfoodflorence.com\/\"},{\"@type\":\"ListItem\",\"position\":2,\"name\":\"La storia\u2026\"}]},{\"@type\":\"WebSite\",\"@id\":\"https:\/\/www.fancyfoodflorence.com\/#website\",\"url\":\"https:\/\/www.fancyfoodflorence.com\/\",\"name\":\"Fancy Food Florence\",\"description\":\"Cooking Class and Tuscan culinary experience\",\"publisher\":{\"@id\":\"https:\/\/www.fancyfoodflorence.com\/#\/schema\/person\/9a64b58b9d4115a43dfc553a202ec5e4\"},\"alternateName\":\"Cooking Class and Tuscan culinary experience\",\"potentialAction\":[{\"@type\":\"SearchAction\",\"target\":{\"@type\":\"EntryPoint\",\"urlTemplate\":\"https:\/\/www.fancyfoodflorence.com\/?s={search_term_string}\"},\"query-input\":{\"@type\":\"PropertyValueSpecification\",\"valueRequired\":true,\"valueName\":\"search_term_string\"}}],\"inLanguage\":\"it-IT\"},{\"@type\":[\"Person\",\"Organization\"],\"@id\":\"https:\/\/www.fancyfoodflorence.com\/#\/schema\/person\/9a64b58b9d4115a43dfc553a202ec5e4\",\"name\":\"Fancy Food Florence\",\"image\":{\"@type\":\"ImageObject\",\"inLanguage\":\"it-IT\",\"@id\":\"https:\/\/www.fancyfoodflorence.com\/#\/schema\/person\/image\/\",\"url\":\"https:\/\/www.fancyfoodflorence.com\/wp-content\/uploads\/2021\/12\/logo-300.png\",\"contentUrl\":\"https:\/\/www.fancyfoodflorence.com\/wp-content\/uploads\/2021\/12\/logo-300.png\",\"width\":300,\"height\":45,\"caption\":\"Fancy Food Florence\"},\"logo\":{\"@id\":\"https:\/\/www.fancyfoodflorence.com\/#\/schema\/person\/image\/\"},\"sameAs\":[\"http:\/\/www.fancyfoodflorence.com\"]}]}<\/script>\n<!-- \/ Yoast SEO plugin. -->","yoast_head_json":{"title":"Ilaria Ricci Chef Firenze - Lezioni di cucina ed esperienze culinarie","description":"Ilaria Ricci \u00e8 un'accogliente chef, gli piace condividere la sua conoscenza della cucina tradizionale e fiorentina con i viaggiatori.","robots":{"index":"index","follow":"follow","max-snippet":"max-snippet:-1","max-image-preview":"max-image-preview:large","max-video-preview":"max-video-preview:-1"},"canonical":"https:\/\/www.fancyfoodflorence.com\/ilaria-ricci-chef\/","og_locale":"it_IT","og_type":"article","og_title":"Ilaria Ricci Chef Firenze - Lezioni di cucina ed esperienze culinarie","og_description":"Ilaria Ricci \u00e8 un'accogliente chef, gli piace condividere la sua conoscenza della cucina tradizionale e fiorentina con i viaggiatori.","og_url":"https:\/\/www.fancyfoodflorence.com\/ilaria-ricci-chef\/","og_site_name":"Fancy Food Florence","article_modified_time":"2023-03-06T13:44:41+00:00","og_image":[{"width":1200,"height":675,"url":"https:\/\/www.fancyfoodflorence.com\/wp-content\/uploads\/2023\/03\/fff.png","type":"image\/png"}],"twitter_card":"summary_large_image","twitter_misc":{"Tempo di lettura stimato":"7 minuti"},"schema":{"@context":"https:\/\/schema.org","@graph":[{"@type":"WebPage","@id":"https:\/\/www.fancyfoodflorence.com\/ilaria-ricci-chef\/","url":"https:\/\/www.fancyfoodflorence.com\/ilaria-ricci-chef\/","name":"Ilaria Ricci Chef Firenze - Lezioni di cucina ed esperienze culinarie","isPartOf":{"@id":"https:\/\/www.fancyfoodflorence.com\/#website"},"datePublished":"2021-04-30T13:39:48+00:00","dateModified":"2023-03-06T13:44:41+00:00","description":"Ilaria Ricci \u00e8 un'accogliente chef, gli piace condividere la sua conoscenza della cucina tradizionale e fiorentina con i viaggiatori.","breadcrumb":{"@id":"https:\/\/www.fancyfoodflorence.com\/ilaria-ricci-chef\/#breadcrumb"},"inLanguage":"it-IT","potentialAction":[{"@type":"ReadAction","target":["https:\/\/www.fancyfoodflorence.com\/ilaria-ricci-chef\/"]}]},{"@type":"BreadcrumbList","@id":"https:\/\/www.fancyfoodflorence.com\/ilaria-ricci-chef\/#breadcrumb","itemListElement":[{"@type":"ListItem","position":1,"name":"Home","item":"https:\/\/www.fancyfoodflorence.com\/"},{"@type":"ListItem","position":2,"name":"La storia\u2026"}]},{"@type":"WebSite","@id":"https:\/\/www.fancyfoodflorence.com\/#website","url":"https:\/\/www.fancyfoodflorence.com\/","name":"Fancy Food Florence","description":"Cooking Class and Tuscan culinary experience","publisher":{"@id":"https:\/\/www.fancyfoodflorence.com\/#\/schema\/person\/9a64b58b9d4115a43dfc553a202ec5e4"},"alternateName":"Cooking Class and Tuscan culinary experience","potentialAction":[{"@type":"SearchAction","target":{"@type":"EntryPoint","urlTemplate":"https:\/\/www.fancyfoodflorence.com\/?s={search_term_string}"},"query-input":{"@type":"PropertyValueSpecification","valueRequired":true,"valueName":"search_term_string"}}],"inLanguage":"it-IT"},{"@type":["Person","Organization"],"@id":"https:\/\/www.fancyfoodflorence.com\/#\/schema\/person\/9a64b58b9d4115a43dfc553a202ec5e4","name":"Fancy Food Florence","image":{"@type":"ImageObject","inLanguage":"it-IT","@id":"https:\/\/www.fancyfoodflorence.com\/#\/schema\/person\/image\/","url":"https:\/\/www.fancyfoodflorence.com\/wp-content\/uploads\/2021\/12\/logo-300.png","contentUrl":"https:\/\/www.fancyfoodflorence.com\/wp-content\/uploads\/2021\/12\/logo-300.png","width":300,"height":45,"caption":"Fancy Food Florence"},"logo":{"@id":"https:\/\/www.fancyfoodflorence.com\/#\/schema\/person\/image\/"},"sameAs":["http:\/\/www.fancyfoodflorence.com"]}]}},"_links":{"self":[{"href":"https:\/\/www.fancyfoodflorence.com\/it\/wp-json\/wp\/v2\/pages\/353","targetHints":{"allow":["GET"]}}],"collection":[{"href":"https:\/\/www.fancyfoodflorence.com\/it\/wp-json\/wp\/v2\/pages"}],"about":[{"href":"https:\/\/www.fancyfoodflorence.com\/it\/wp-json\/wp\/v2\/types\/page"}],"author":[{"embeddable":true,"href":"https:\/\/www.fancyfoodflorence.com\/it\/wp-json\/wp\/v2\/users\/4"}],"replies":[{"embeddable":true,"href":"https:\/\/www.fancyfoodflorence.com\/it\/wp-json\/wp\/v2\/comments?post=353"}],"version-history":[{"count":40,"href":"https:\/\/www.fancyfoodflorence.com\/it\/wp-json\/wp\/v2\/pages\/353\/revisions"}],"predecessor-version":[{"id":731,"href":"https:\/\/www.fancyfoodflorence.com\/it\/wp-json\/wp\/v2\/pages\/353\/revisions\/731"}],"wp:attachment":[{"href":"https:\/\/www.fancyfoodflorence.com\/it\/wp-json\/wp\/v2\/media?parent=353"}],"curies":[{"name":"wp","href":"https:\/\/api.w.org\/{rel}","templated":true}]}}